{"id":137,"date":"2017-12-18T21:59:03","date_gmt":"2017-12-18T21:59:03","guid":{"rendered":"http:\/\/reynoldscycling.de\/?page_id=137"},"modified":"2025-08-10T22:21:01","modified_gmt":"2025-08-10T20:21:01","slug":"impressum","status":"publish","type":"page","link":"https:\/\/carbon-cycling-distribution.de\/?page_id=137","title":{"rendered":"Impressum &#038; Datenschutz"},"content":{"rendered":"<div class=\"twoclick_social_bookmarks_post_137 social_share_privacy clearfix 1.6.4 locale-de_DE sprite-de_DE\"><\/div><div class=\"twoclick-js\"><script type=\"text\/javascript\">\/* <![CDATA[ *\/\njQuery(document).ready(function($){if($('.twoclick_social_bookmarks_post_137')){$('.twoclick_social_bookmarks_post_137').socialSharePrivacy({\"txt_help\":\"Wenn Sie diese Felder durch einen Klick aktivieren, werden Informationen an Facebook, Twitter, Flattr, Xing, t3n, LinkedIn, Pinterest oder Google eventuell ins Ausland \\u00fcbertragen und unter Umst\\u00e4nden auch dort gespeichert. N\\u00e4heres erfahren Sie durch einen Klick auf das <em>i<\\\/em>.\",\"settings_perma\":\"Dauerhaft aktivieren und Daten\\u00fcber-tragung zustimmen:\",\"info_link\":\"http:\\\/\\\/www.heise.de\\\/ct\\\/artikel\\\/2-Klicks-fuer-mehr-Datenschutz-1333879.html\",\"uri\":\"https:\\\/\\\/carbon-cycling-distribution.de\\\/?page_id=137\",\"post_id\":137,\"post_title_referrer_track\":\"Impressum+%26%23038%3B+Datenschutz\",\"display_infobox\":\"on\"});}});\n\/* ]]> *\/<\/script><\/div><p>Alle hier verwendeten Namen, Begriffe, Zeichen und Grafiken k\u00f6nnen Marken- oder Warenzeichen im Besitze ihrer rechtlichen Eigent\u00fcmer sein. Die Rechte aller erw\u00e4hnten und benutzten Marken- und Warenzeichen liegen ausschlie\u00dflich bei deren Besitzern.<\/p>\n<table>\n<tbody>\n<tr>\n<td>\n<address>Adresse<\/address>\n<\/td>\n<td>\n<address>\u00a0Robert Mende<\/address>\n<address>Carbon Cycling Consulting<\/address>\n<address>Lessingstrasse 63<\/address>\n<address>53113 Bonn<\/address>\n<address>Deutschland<\/address>\n<\/td>\n<\/tr>\n<tr>\n<td>\n<address>Fax<\/address>\n<\/td>\n<td>\n<address>\u00a00049 321 2220806<\/address>\n<\/td>\n<\/tr>\n<tr>\n<td>\n<address>E-Mail<\/address>\n<\/td>\n<td>\n<address>kontakt(at)carbon-cycling-distribution.de<\/address>\n<\/td>\n<\/tr>\n<tr>\n<td>\n<address>Inhaber<\/address>\n<\/td>\n<td>\n<address>Robert Mende<\/address>\n<\/td>\n<\/tr>\n<tr>\n<td>USt.ID<\/td>\n<td>DE 227953232<\/td>\n<\/tr>\n<\/tbody>\n<\/table>\n<div>\n<p><b>Haftung f\u00fcr Inhalte<\/b><\/p>\n<p>Die Inhalte unserer Seiten wurden mit gr\u00f6\u00dfter Sorgfalt erstellt. F\u00fcr die Richtigkeit, Vollst\u00e4ndigkeit und Aktualit\u00e4t der Inhalte k\u00f6nnen wir jedoch keine Gew\u00e4hr \u00fcbernehmen. Als Diensteanbieter sind wir gem\u00e4\u00df \u00a7 7 Abs.1 TMG f\u00fcr eigene Inhalte auf diesen Seiten nach den allgemeinen Gesetzen verantwortlich. Nach \u00a7\u00a7 8 bis 10 TMG sind wir als Diensteanbieter jedoch nicht verpflichtet, \u00fcbermittelte oder gespeicherte fremde Informationen zu \u00fcberwachen oder nach Umst\u00e4nden zu forschen, die auf eine rechtswidrige T\u00e4tigkeit hinweisen. Verpflichtungen zur Entfernung oder Sperrung der Nutzung von Informationen nach den allgemeinen Gesetzen bleiben hiervon unber\u00fchrt. Eine diesbez\u00fcgliche Haftung ist jedoch erst ab dem Zeitpunkt der Kenntnis einer konkreten Rechtsverletzung m\u00f6glich. Bei Bekanntwerden von entsprechenden Rechtsverletzungen werden wir diese Inhalte umgehend entfernen.<\/p>\n<p><b>Haftung f\u00fcr Links<\/b><\/p>\n<p>Unser Angebot enth\u00e4lt Links zu externen Webseiten Dritter, auf deren Inhalte wir keinen Einfluss haben. Deshalb k\u00f6nnen wir f\u00fcr diese fremden Inhalte auch keine Gew\u00e4hr \u00fcbernehmen. F\u00fcr die Inhalte der verlinkten Seiten ist stets der jeweilige Anbieter oder Betreiber der Seiten verantwortlich. Die verlinkten Seiten wurden zum Zeitpunkt der Verlinkung auf m\u00f6gliche Rechtsverst\u00f6\u00dfe \u00fcberpr\u00fcft. Rechtswidrige Inhalte waren zum Zeitpunkt der Verlinkung nicht erkennbar. Eine permanente inhaltliche Kontrolle der verlinkten Seiten ist jedoch ohne konkrete Anhaltspunkte einer Rechtsverletzung nicht zumutbar. Bei Bekanntwerden von Rechtsverletzungen werden wir derartige Links umgehend entfernen.<\/p>\n<p><b>Urheberrecht<\/b><\/p>\n<p>Die durch die Seitenbetreiber erstellten Inhalte und Werke auf diesen Seiten unterliegen dem deutschen Urheberrecht. Die Vervielf\u00e4ltigung, Bearbeitung, Verbreitung und jede Art der Verwertung au\u00dferhalb der Grenzen des Urheberrechtes bed\u00fcrfen der schriftlichen Zustimmung des jeweiligen Autors bzw. Erstellers. Downloads und Kopien dieser Seite sind nur f\u00fcr den privaten, nicht kommerziellen Gebrauch gestattet. Soweit die Inhalte auf dieser Seite nicht vom Betreiber erstellt wurden, werden die Urheberrechte Dritter beachtet. Insbesondere werden Inhalte Dritter als solche gekennzeichnet. Sollten Sie trotzdem auf eine Urheberrechtsverletzung aufmerksam werden, bitten wir um einen entsprechenden Hinweis. Bei Bekanntwerden von Rechtsverletzungen werden wir derartige Inhalte umgehend entfernen.<\/p>\n<div>\n<p><strong>Datenschutzerkl\u00e4rung<\/strong><br \/>\nWir freuen uns \u00fcber Ihr Interesse an unserer Website. Der Schutz Ihrer Privatsph\u00e4re ist f\u00fcr uns sehr wichtig. Nachstehend informieren wir Sie ausf\u00fchrlich \u00fcber den Umgang mit Ihren Daten.<\/p>\n<p><strong>Speicherung von Zugriffsdaten in Server-Logfiles<\/strong><br \/>\nSie k\u00f6nnen unsere Webseiten besuchen, ohne Angaben zu Ihrer Person zu machen. Wir speichern lediglich Zugriffsdaten in sogenannten Server-Logfiles, wie z.B. den Namen der angeforderten Datei, Datum und Uhrzeit des Abrufs, \u00fcbertragene Datenmenge und den anfragenden Provider. Diese Daten werden ausschlie\u00dflich zur Sicherstellung eines st\u00f6rungsfreien Betriebs der Seite und zur Verbesserung unseres Angebots ausgewertet und erlauben uns keinen R\u00fcckschluss auf Ihre Person.<\/p>\n<p><strong>Datenverwendung bei Anmeldung zum E-Mail-Newsletter<\/strong><br \/>\nWenn Sie sich zu unserem Newsletter anmelden, verwenden wir die hierf\u00fcr erforderlichen oder gesondert von Ihnen mitgeteilten Daten, um Ihnen regelm\u00e4\u00dfig unseren E-Mail-Newsletter entsprechend Ihrer Einwilligung zuzusenden. Die Abmeldung vom Newsletter ist jederzeit m\u00f6glich und kann entweder durch eine Nachricht an die unten beschriebene Kontaktm\u00f6glichkeit oder \u00fcber einen daf\u00fcr vorgesehenen Link im Newsletter erfolgen.<\/p>\n<p><strong>Datenverwendung f\u00fcr E-Mail-Werbung ohne Newsletter-Anmeldung und Ihr Widerspruchsrecht<\/strong><br \/>\nWenn wir Ihre E-Mail-Adresse im Zusammenhang mit dem Verkauf einer Ware oder Dienstleistung erhalten und Sie dem nicht widersprochen haben, behalten wir uns vor, Ihnen regelm\u00e4\u00dfig Angebote zu \u00e4hnlichen Produkten, wie den bereits gekauften, aus unserem Sortiment per E-Mail zuzusenden. Sie k\u00f6nnen dieser Verwendung Ihrer E-Mail-Adresse jederzeit durch eine Nachricht an die oben beschriebene Kontaktm\u00f6glichkeit oder \u00fcber einen daf\u00fcr vorgesehenen Link in der Werbemail widersprechen, ohne dass hierf\u00fcr andere als die \u00dcbermittlungskosten nach den Basistarifen entstehen.<\/p>\n<p><strong>Datenverwendung f\u00fcr Postwerbung und Ihr Widerspruchsrecht<\/strong><br \/>\nDar\u00fcber hinaus behalten wir uns vor, Ihren Vor- und Nachnamen, Ihre Postanschrift und \u2013 soweit wir diese zus\u00e4tzlichen Angaben im Rahmen der Vertragsbeziehung von Ihnen erhalten haben \u2013 Ihren Titel, akademischen Grad, Ihr Geburtsjahr und Ihre Berufs-, Branchen- oder Gesch\u00e4ftsbezeichnung in zusammengefassten Listen zu speichern und f\u00fcr eigene Werbezwecke zu nutzen, z.B. zur Zusendung von interessanten Angeboten und Informationen zu unseren Produkten per Briefpost. Sie k\u00f6nnen der Speicherung und Verwendung Ihrer Daten zu diesen Zwecken jederzeit durch eine Nachricht an die unten beschriebene Kontaktm\u00f6glichkeit widersprechen.<\/p>\n<p><strong>Verwendung von Cookies<\/strong><br \/>\nUm den Besuch unserer Website attraktiv zu gestalten und die Nutzung bestimmter Funktionen zu erm\u00f6glichen, verwenden wir auf verschiedenen Seiten sogenannte Cookies. Hierbei handelt es sich um kleine Textdateien, die auf Ihrem Endger\u00e4t gespeichert werden. Einige der von uns verwendeten Cookies werden nach Ende der Browser-Sitzung, also nach Schlie\u00dfen Ihres Browsers, wieder gel\u00f6scht (sog. Sitzungs-Cookies). Andere Cookies verbleiben auf Ihrem Endger\u00e4t und erm\u00f6glichen uns, Ihren Browser beim n\u00e4chsten Besuch wiederzuerkennen (persistente Cookies). Sie k\u00f6nnen Ihren Browser so einstellen, dass Sie \u00fcber das Setzen von Cookies informiert werden und einzeln \u00fcber deren Annahme entscheiden oder die Annahme von Cookies f\u00fcr bestimmte F\u00e4lle oder generell ausschlie\u00dfen. Bei der Nichtannahme von Cookies kann die Funktionalit\u00e4t unserer Website eingeschr\u00e4nkt sein.<\/p>\n<p><strong>Auskunftsrecht und Kontaktm\u00f6glichkeit <\/strong><br \/>\nSie haben ein Recht auf unentgeltliche Auskunft \u00fcber die bei uns zu Ihrer Person gespeicherten Daten sowie ggf. ein Recht auf Berichtigung, Sperrung oder L\u00f6schung dieser Daten. Bei Fragen zur Erhebung, Verarbeitung oder Nutzung Ihrer personenbezogenen Daten, bei Ausk\u00fcnften, Berichtigung, Sperrung oder L\u00f6schung von Daten sowie Widerruf erteilter Einwilligungen oder Widerspruch gegen eine bestimmte Datenverwendung wenden Sie sich bitte direkt an uns \u00fcber die Kontaktdaten in unserem Impressum.<\/p>\n<\/div>\n<hr class=\"Separator\" \/>\n<p><b>Datenschutzerkl\u00e4rung f\u00fcr die Nutzung von Google Analytics<\/b><\/p>\n<p>Diese Website benutzt Google Analytics, einen Webanalysedienst der Google Inc. (\u201eGoogle\u201c). Google Analytics verwendet sog. \u201eCookies\u201c, Textdateien, die auf Ihrem Computer gespeichert werden und die eine Analyse der Benutzung der Website durch Sie erm\u00f6glicht. Die durch den Cookie erzeugten Informationen \u00fcber Ihre Benutzung dieser Website (einschlie\u00dflich Ihrer IP-Adresse) wird an einen Server von Google in den USA \u00fcbertragen und dort gespeichert.<\/p>\n<p>Google wird diese Informationen benutzen, um Ihre Nutzung der Website auszuwerten, um Reports \u00fcber die Websiteaktivit\u00e4ten f\u00fcr die Websitebetreiber zusammenzustellen und um weitere mit der Websitenutzung und der Internetnutzung verbundene Dienstleistungen zu erbringen. Auch wird Google diese Informationen gegebenenfalls an Dritte \u00fcbertragen, sofern dies gesetzlich vorgeschrieben ist oder soweit Dritte diese Daten im Auftrag von Google verarbeiten. Google wird in keinem Fall Ihre IP-Adresse mit anderen Daten der Google Inc. in Verbindung bringen.<\/p>\n<p>Sie k\u00f6nnen die Speicherung der Cookies durch eine entsprechende Einstellung Ihrer Browser-Software verhindern; wir weisen Sie jedoch darauf hin, dass Sie in diesem Fall gegebenenfalls nicht s\u00e4mtliche Funktionen dieser Website vollumf\u00e4nglich werden nutzen k\u00f6nnen. Sie k\u00f6nnen dar\u00fcber hinaus die Erfassung der durch das Cookie erzeugten und auf Ihre Nutzung der Website bezogenen Daten (inkl. Ihrer IP-Adresse) an Google sowie die Verarbeitung dieser Daten durch Google verhindern, indem sie das unter dem folgenden Link verf\u00fcgbare Browser-Plugin herunterladen und installieren: <a href=\"http:\/\/tools.google.com\/dlpage\/gaoptout?hl=de\">http:\/\/tools.google.com\/dlpage\/gaoptout?hl=de<\/a>.<\/p>\n<p><b>Datenschutzerkl\u00e4rung f\u00fcr die Nutzung von Google Adsense<\/b><\/p>\n<p>Diese Website benutzt Google AdSense, einen Dienst zum Einbinden von Werbeanzeigen der Google Inc. (\u201eGoogle\u201c). Google AdSense verwendet sog. \u201eCookies\u201c, Textdateien, die auf Ihrem Computer gespeichert werden und die eine Analyse der Benutzung der Website erm\u00f6glicht. Google AdSense verwendet auch so genannte Web Beacons (unsichtbare Grafiken). Durch diese Web Beacons k\u00f6nnen Informationen wie der Besucherverkehr auf diesen Seiten ausgewertet werden.<\/p>\n<p>Die durch Cookies und Web Beacons erzeugten Informationen \u00fcber die Benutzung dieser Website (einschlie\u00dflich Ihrer IP-Adresse) und Auslieferung von Werbeformaten werden an einen Server von Google in den USA \u00fcbertragen und dort gespeichert. Diese Informationen k\u00f6nnen von Google an Vertragspartner von Google weiter gegeben werden. Google wird Ihre IP-Adresse jedoch nicht mit anderen von Ihnen gespeicherten Daten zusammenf\u00fchren.<\/p>\n<p>Sie k\u00f6nnen die Installation der Cookies durch eine entsprechende Einstellung Ihrer Browser Software verhindern; wir weisen Sie jedoch darauf hin, dass Sie in diesem Fall gegebenenfalls nicht s\u00e4mtliche Funktionen dieser Website voll umf\u00e4nglich nutzen k\u00f6nnen. Durch die Nutzung dieser Website erkl\u00e4ren Sie sich mit der Bearbeitung der \u00fcber Sie erhobenen Daten durch Google in der zuvor beschriebenen Art und Weise und zu dem zuvor benannten Zweck einverstanden.<\/p>\n<\/div>\n","protected":false},"excerpt":{"rendered":"<p>Alle hier verwendeten Namen, Begriffe, Zeichen und Grafiken k\u00f6nnen Marken- oder Warenzeichen im Besitze ihrer rechtlichen Eigent\u00fcmer sein. Die Rechte aller erw\u00e4hnten und benutzten Marken- und Warenzeichen liegen ausschlie\u00dflich bei deren Besitzern. Adresse \u00a0Robert Mende Carbon Cycling Consulting Lessingstrasse 63 53113 Bonn Deutschland Fax \u00a00049 321 2220806 E-Mail kontakt(at)carbon-cycling-distribution.de Inhaber Robert Mende USt.ID DE 227953232 Haftung f\u00fcr Inhalte Die Inhalte unserer Seiten wurden mit gr\u00f6\u00dfter Sorgfalt erstellt. F\u00fcr die Richtigkeit, Vollst\u00e4ndigkeit und Aktualit\u00e4t der Inhalte k\u00f6nnen wir jedoch keine Gew\u00e4hr \u00fcbernehmen. Als Diensteanbieter sind wir gem\u00e4\u00df \u00a7 7 Abs.1 TMG f\u00fcr eigene Inhalte auf diesen Seiten nach den allgemeinen Gesetzen [&hellip;]<\/p>\n","protected":false},"author":1,"featured_media":0,"parent":0,"menu_order":0,"comment_status":"closed","ping_status":"closed","template":"page-templates\/page_fullwidth.php","meta":{"jetpack_post_was_ever_published":false,"footnotes":""},"class_list":["post-137","page","type-page","status-publish","hentry"],"jetpack_sharing_enabled":true,"jetpack_shortlink":"https:\/\/wp.me\/P9UIg7-2d","_links":{"self":[{"href":"https:\/\/carbon-cycling-distribution.de\/index.php?rest_route=\/wp\/v2\/pages\/137","targetHints":{"allow":["GET"]}}],"collection":[{"href":"https:\/\/carbon-cycling-distribution.de\/index.php?rest_route=\/wp\/v2\/pages"}],"about":[{"href":"https:\/\/carbon-cycling-distribution.de\/index.php?rest_route=\/wp\/v2\/types\/page"}],"author":[{"embeddable":true,"href":"https:\/\/carbon-cycling-distribution.de\/index.php?rest_route=\/wp\/v2\/users\/1"}],"replies":[{"embeddable":true,"href":"https:\/\/carbon-cycling-distribution.de\/index.php?rest_route=%2Fwp%2Fv2%2Fcomments&post=137"}],"version-history":[{"count":10,"href":"https:\/\/carbon-cycling-distribution.de\/index.php?rest_route=\/wp\/v2\/pages\/137\/revisions"}],"predecessor-version":[{"id":595,"href":"https:\/\/carbon-cycling-distribution.de\/index.php?rest_route=\/wp\/v2\/pages\/137\/revisions\/595"}],"wp:attachment":[{"href":"https:\/\/carbon-cycling-distribution.de\/index.php?rest_route=%2Fwp%2Fv2%2Fmedia&parent=137"}],"curies":[{"name":"wp","href":"https:\/\/api.w.org\/{rel}","templated":true}]}}